{"id":9,"date":"2017-09-22T16:37:59","date_gmt":"2017-09-22T14:37:59","guid":{"rendered":"http:\/\/www.lineupinfo.fr\/?page_id=9"},"modified":"2024-01-15T17:05:51","modified_gmt":"2024-01-15T16:05:51","slug":"les-tarifs","status":"publish","type":"page","link":"http:\/\/www.lineupinfo.fr\/index.php\/les-tarifs\/","title":{"rendered":"Les Tarifs Particuliers"},"content":{"rendered":"<p><strong>Maintenance informatique :<\/strong><br \/>\nD\u00e9placement + D\u00e9pannage (horaire) : 70 \u20ac TTC<br \/>\nMain d&rsquo;oeuvre 1\/2 heure suppl\u00e9mentaire : 35 \u20ac TTC<br \/>\nInstallation ou configuration Internet (configuration + test) : 100 \u20ac TTC<br \/>\nContrat de Maintenance 5 interventions (*) : 300 \u20ac TTC<br \/>\nContrat de Maintenance 10 interventions (*) 600 \u20ac TTC<\/p>\n<p><strong>Formation informatique :<\/strong><br \/>\nFormation \u00e0 domicile 1 H : 50 \u20ac TTC<br \/>\nFormation \u00e0 domicile 2 H : 80 \u20ac TTC<br \/>\nFormation \u00e0 domicile 3 H : 110 \u20ac TTC<br \/>\nFormation \u00e0 domicile 4 H : 140 \u20ac TTC<br \/>\nFormation \u00e0 domicile 5 H : 170 \u20ac TTC<\/p>\n<p>(*) Les contrats de maintenance particuliers peuvent \u00eatre r\u00e9gl\u00e9s en 1 ou 2 fois par ch\u00e8que.<\/p>\n<p>NB : Toute intervention relevant d&rsquo;un probl\u00e8me plus complexe, pourra faire l&rsquo;objet du retrait du mat\u00e9riel avec l&rsquo;accord du client. Un devis gratuit sera alors communiqu\u00e9 en fonction de la r\u00e9paration si celle-ci est plus importante que pr\u00e9vue.<\/p>\n","protected":false},"excerpt":{"rendered":"<p>Maintenance informatique : D\u00e9placement + D\u00e9pannage (horaire) : 70 \u20ac TTC Main d&rsquo;oeuvre 1\/2 heure suppl\u00e9mentaire : 35 \u20ac TTC Installation ou configuration Internet (configuration + test) : 100 \u20ac TTC Contrat de Maintenance 5 interventions (*) : 300 \u20ac <a class=\"more-link\" href=\"http:\/\/www.lineupinfo.fr\/index.php\/les-tarifs\/\">Continuer la lecture <span class=\"screen-reader-text\">  Les Tarifs Particuliers<\/span><span class=\"meta-nav\">&rarr;<\/span><\/a><\/p>\n","protected":false},"author":2,"featured_media":0,"parent":0,"menu_order":0,"comment_status":"closed","ping_status":"closed","template":"","meta":{"footnotes":""},"class_list":["post-9","page","type-page","status-publish","hentry"],"_links":{"self":[{"href":"http:\/\/www.lineupinfo.fr\/index.php\/wp-json\/wp\/v2\/pages\/9","targetHints":{"allow":["GET"]}}],"collection":[{"href":"http:\/\/www.lineupinfo.fr\/index.php\/wp-json\/wp\/v2\/pages"}],"about":[{"href":"http:\/\/www.lineupinfo.fr\/index.php\/wp-json\/wp\/v2\/types\/page"}],"author":[{"embeddable":true,"href":"http:\/\/www.lineupinfo.fr\/index.php\/wp-json\/wp\/v2\/users\/2"}],"replies":[{"embeddable":true,"href":"http:\/\/www.lineupinfo.fr\/index.php\/wp-json\/wp\/v2\/comments?post=9"}],"version-history":[{"count":12,"href":"http:\/\/www.lineupinfo.fr\/index.php\/wp-json\/wp\/v2\/pages\/9\/revisions"}],"predecessor-version":[{"id":170,"href":"http:\/\/www.lineupinfo.fr\/index.php\/wp-json\/wp\/v2\/pages\/9\/revisions\/170"}],"wp:attachment":[{"href":"http:\/\/www.lineupinfo.fr\/index.php\/wp-json\/wp\/v2\/media?parent=9"}],"curies":[{"name":"wp","href":"https:\/\/api.w.org\/{rel}","templated":true}]}}