{"id":7,"date":"2017-09-22T16:37:46","date_gmt":"2017-09-22T14:37:46","guid":{"rendered":"http:\/\/www.lineupinfo.fr\/?page_id=7"},"modified":"2021-03-08T20:31:29","modified_gmt":"2021-03-08T19:31:29","slug":"les-prestations","status":"publish","type":"page","link":"http:\/\/www.lineupinfo.fr\/index.php\/les-prestations\/","title":{"rendered":"Les Prestations"},"content":{"rendered":"<p>Line Up Informatique est une soci\u00e9t\u00e9 multiservices positionn\u00e9e sur plusieurs p\u00f4les destin\u00e9s aussi bien pour les particuliers que pour les professionnels. La polyvalence et le s\u00e9rieux acquis par la soci\u00e9t\u00e9 s&rsquo;est faite par de nombreuses prestations r\u00e9alis\u00e9es lors de sa cr\u00e9ation et surtout par un ant\u00e9c\u00e9dent professionnel.<\/p>\n<p>Aujourd&rsquo;hui, Line Up Informatique suit la technologie et surtout les besoins du client ce qui lui permet de se construire et d&rsquo;\u00eatre efficace, disponible et qualitatif afin de satisfaire au mieux sa client\u00e8le.<\/p>\n<p>Les prestations sont les suivantes :<\/p>\n<p><strong>* D\u00e9pannage et maintenance informatique :<\/strong><br \/>\n&#8211; Formatage et r\u00e9installation d&rsquo;un ordinateur avec sauvegarde des donn\u00e9es au pr\u00e9alable<br \/>\n&#8211; R\u00e9installation logicielle (Windows 7 &#8211; 8 -10 , suite office, antivirus, contr\u00f4le parental, firewall&#8230;)<br \/>\n&#8211; D\u00e9tection et d\u00e9sinfection de virus<br \/>\n&#8211; Optimisation et mise \u00e0 jour du mat\u00e9riel<br \/>\n&#8211; Mise en route de votre ordinateur<br \/>\n&#8211; Installation et configuration de logiciels<br \/>\n&#8211; Installation mat\u00e9riels (imprimante, scanner, t\u00e9l\u00e9phone, tablette)<br \/>\n&#8211; Installation Internet (Bbox, Freebox, Livebox, SFRBox&#8230;)<br \/>\n&#8211; Installation r\u00e9seau multiposte<br \/>\n&#8211; Installation serveur (Windows Home Server, Server 2008, Server 2012 \/ 2016)<br \/>\n&#8211; Maintenance de parc informatique<br \/>\n&#8211; Assistance informatique \u00e0 distance<br \/>\n&#8211; Mise en place d&rsquo;acc\u00e8s distant (travailler de chez vous devient possible&#8230;)<br \/>\n&#8211; Conseils d&rsquo;achats sur du mat\u00e9riel informatique + Vente de mat\u00e9riel<br \/>\n&#8211; Assemblage d&rsquo;ordinateur \u00e0 la demande<br \/>\n&#8211; Contrat de maintenance (*).<\/p>\n<p><strong>* Formation informatique :<\/strong><br \/>\n&#8211; Initiation Windows 7 \/ Windows 8 \/ 10, MAC OS<br \/>\n&#8211; Suite Office (Word, Excel, PowerPoint, Outlook&#8230;)<br \/>\n&#8211; Internet, logiciel de messagerie, Skype&#8230;<br \/>\n&#8211; Retouche photos (The Gimp, PhotoShop)<br \/>\n&#8211; Cr\u00e9ation de Blog \/ Facebook \/ Instagram<br \/>\n&#8211; Initiation ou perfectionnement sur le fonctionnement d&rsquo;un ordinateur.<\/p>\n<p>Les formations pourront \u00eatre d\u00e9coup\u00e9es en plusieurs s\u00e9ances en fonction de votre demande.<\/p>\n<p><strong>* Communication :<\/strong><br \/>\n&#8211; Cr\u00e9ation de site web \u00ab\u00a0Association, Artisan, Commer\u00e7ant, Entreprise\u00a0\u00bb<br \/>\n&#8211; \u00c9volution, rajeunissement de site Internet<br \/>\n&#8211; Communication entreprise externe (flyers, affiches&#8230;).<\/p>\n<p>(*) Les contrats de maintenance conclus entre la Soci\u00e9t\u00e9 Line Up Informatique et le client sont valables 1 an \u00e0 dater de l&rsquo;\u00e9dition de la facture et renouvelable. Pour recevoir les conditions du contrat de maintenance, merci de me contacter.<\/p>\n<p><img loading=\"lazy\" decoding=\"async\" class=\"alignnone wp-image-148 size-full\" src=\"http:\/\/www.lineupinfo.fr\/wp-content\/uploads\/2021\/03\/office-365.jpg\" alt=\"\" width=\"450\" height=\"165\" srcset=\"http:\/\/www.lineupinfo.fr\/wp-content\/uploads\/2021\/03\/office-365.jpg 450w, http:\/\/www.lineupinfo.fr\/wp-content\/uploads\/2021\/03\/office-365-300x110.jpg 300w\" sizes=\"auto, (max-width: 450px) 100vw, 450px\" \/><\/p>\n","protected":false},"excerpt":{"rendered":"<p>Line Up Informatique est une soci\u00e9t\u00e9 multiservices positionn\u00e9e sur plusieurs p\u00f4les destin\u00e9s aussi bien pour les particuliers que pour les professionnels. La polyvalence et le s\u00e9rieux acquis par la soci\u00e9t\u00e9 s&rsquo;est faite par de nombreuses prestations r\u00e9alis\u00e9es lors de sa <a class=\"more-link\" href=\"http:\/\/www.lineupinfo.fr\/index.php\/les-prestations\/\">Continuer la lecture <span class=\"screen-reader-text\">  Les Prestations<\/span><span class=\"meta-nav\">&rarr;<\/span><\/a><\/p>\n","protected":false},"author":2,"featured_media":0,"parent":0,"menu_order":0,"comment_status":"closed","ping_status":"closed","template":"","meta":{"footnotes":""},"class_list":["post-7","page","type-page","status-publish","hentry"],"_links":{"self":[{"href":"http:\/\/www.lineupinfo.fr\/index.php\/wp-json\/wp\/v2\/pages\/7","targetHints":{"allow":["GET"]}}],"collection":[{"href":"http:\/\/www.lineupinfo.fr\/index.php\/wp-json\/wp\/v2\/pages"}],"about":[{"href":"http:\/\/www.lineupinfo.fr\/index.php\/wp-json\/wp\/v2\/types\/page"}],"author":[{"embeddable":true,"href":"http:\/\/www.lineupinfo.fr\/index.php\/wp-json\/wp\/v2\/users\/2"}],"replies":[{"embeddable":true,"href":"http:\/\/www.lineupinfo.fr\/index.php\/wp-json\/wp\/v2\/comments?post=7"}],"version-history":[{"count":8,"href":"http:\/\/www.lineupinfo.fr\/index.php\/wp-json\/wp\/v2\/pages\/7\/revisions"}],"predecessor-version":[{"id":153,"href":"http:\/\/www.lineupinfo.fr\/index.php\/wp-json\/wp\/v2\/pages\/7\/revisions\/153"}],"wp:attachment":[{"href":"http:\/\/www.lineupinfo.fr\/index.php\/wp-json\/wp\/v2\/media?parent=7"}],"curies":[{"name":"wp","href":"https:\/\/api.w.org\/{rel}","templated":true}]}}