{"id":22,"date":"2017-09-22T22:30:52","date_gmt":"2017-09-22T20:30:52","guid":{"rendered":"http:\/\/www.lineupinfo.fr\/?page_id=22"},"modified":"2021-03-08T20:31:07","modified_gmt":"2021-03-08T19:31:07","slug":"contact","status":"publish","type":"page","link":"http:\/\/www.lineupinfo.fr\/index.php\/contact\/","title":{"rendered":"Contact"},"content":{"rendered":"<p>Line Up Informatique<br \/>\nDirigeant : Mr Lange Micka\u00ebl<br \/>\n21 bis rue G\u00e9n\u00e9ral de Gaulle &#8211; 76310 Sainte Adresse<br \/>\nT\u00e8l : 06 71 226 112<br \/>\nEmail : <a href=\"mailto:contact@lineupinfo.fr\">contact@lineupinfo.fr<\/a><br \/>\nSIRET : 50740459800017 &#8211; Code APE : 6202B &#8211; TVA intra : FR81507404598<\/p>\n<p><iframe loading=\"lazy\" style=\"border: 0;\" src=\"https:\/\/www.google.com\/maps\/embed?pb=!1m18!1m12!1m3!1d2591.0558311535556!2d0.08687381515094013!3d49.502339663103704!2m3!1f0!2f0!3f0!3m2!1i1024!2i768!4f13.1!3m3!1m2!1s0x47e02f33610ca135%3A0xf0a1bc8a8772c73d!2s21+Rue+du+G%C3%A9n%C3%A9ral+de+Gaulle%2C+76310+Sainte-Adresse!5e0!3m2!1sfr!2sfr!4v1506155747648\" width=\"400\" height=\"250\" frameborder=\"0\" allowfullscreen=\"allowfullscreen\"><\/iframe><\/p>\n","protected":false},"excerpt":{"rendered":"<p>Line Up Informatique Dirigeant : Mr Lange Micka\u00ebl 21 bis rue G\u00e9n\u00e9ral de Gaulle &#8211; 76310 Sainte Adresse T\u00e8l : 06 71 226 112 Email : contact@lineupinfo.fr SIRET : 50740459800017 &#8211; Code APE : 6202B &#8211; TVA intra : FR81507404598<\/p>\n","protected":false},"author":2,"featured_media":0,"parent":0,"menu_order":0,"comment_status":"closed","ping_status":"closed","template":"","meta":{"footnotes":""},"class_list":["post-22","page","type-page","status-publish","hentry"],"_links":{"self":[{"href":"http:\/\/www.lineupinfo.fr\/index.php\/wp-json\/wp\/v2\/pages\/22","targetHints":{"allow":["GET"]}}],"collection":[{"href":"http:\/\/www.lineupinfo.fr\/index.php\/wp-json\/wp\/v2\/pages"}],"about":[{"href":"http:\/\/www.lineupinfo.fr\/index.php\/wp-json\/wp\/v2\/types\/page"}],"author":[{"embeddable":true,"href":"http:\/\/www.lineupinfo.fr\/index.php\/wp-json\/wp\/v2\/users\/2"}],"replies":[{"embeddable":true,"href":"http:\/\/www.lineupinfo.fr\/index.php\/wp-json\/wp\/v2\/comments?post=22"}],"version-history":[{"count":5,"href":"http:\/\/www.lineupinfo.fr\/index.php\/wp-json\/wp\/v2\/pages\/22\/revisions"}],"predecessor-version":[{"id":123,"href":"http:\/\/www.lineupinfo.fr\/index.php\/wp-json\/wp\/v2\/pages\/22\/revisions\/123"}],"wp:attachment":[{"href":"http:\/\/www.lineupinfo.fr\/index.php\/wp-json\/wp\/v2\/media?parent=22"}],"curies":[{"name":"wp","href":"https:\/\/api.w.org\/{rel}","templated":true}]}}