{"id":11,"date":"2017-09-22T16:38:07","date_gmt":"2017-09-22T14:38:07","guid":{"rendered":"http:\/\/www.lineupinfo.fr\/?page_id=11"},"modified":"2024-09-03T12:34:14","modified_gmt":"2024-09-03T10:34:14","slug":"les-creations","status":"publish","type":"page","link":"http:\/\/www.lineupinfo.fr\/index.php\/les-creations\/","title":{"rendered":"Les Cr\u00e9ations"},"content":{"rendered":"<p>Aujourd&rsquo;hui, \u00eatre pr\u00e9sent sur Internet devient indispensable. Votre entreprise qu&rsquo;elle soit existante ou en cours de cr\u00e9ation a besoin d&rsquo;\u00eatre visible. C&rsquo;est pourquoi, Line Up Informatique vous propose de cr\u00e9er votre site Internet. N&rsquo;h\u00e9sitez pas \u00e0 me contacter afin de discuter de votre projet et de trouver au mieux la solution qu&rsquo;il vous convient.<\/p>\n<p>Voici les r\u00e9alisations effectu\u00e9es :<\/p>\n<p><a href=\"http:\/\/www.les2cyclopes.fr\/\" target=\"_blank\" rel=\"noopener\"><img loading=\"lazy\" decoding=\"async\" class=\"alignnone size-full wp-image-118\" src=\"http:\/\/www.lineupinfo.fr\/wp-content\/uploads\/2017\/09\/les2cyclopes.jpg\" alt=\"\" width=\"280\" height=\"184\" \/><\/a> \u00a0<a href=\"http:\/\/chorege14.free.fr\" target=\"_blank\" rel=\"noopener\"><img loading=\"lazy\" decoding=\"async\" class=\"alignnone size-full wp-image-114\" src=\"http:\/\/www.lineupinfo.fr\/wp-content\/uploads\/2017\/09\/chorege14.jpg\" alt=\"\" width=\"280\" height=\"184\" \/><\/a> \u00a0<a href=\"http:\/\/www.dollfuslaw.com\/\" target=\"_blank\" rel=\"noopener\"><img loading=\"lazy\" decoding=\"async\" class=\"alignnone size-full wp-image-115\" src=\"http:\/\/www.lineupinfo.fr\/wp-content\/uploads\/2017\/09\/dollfus.jpg\" alt=\"\" width=\"280\" height=\"184\" \/><\/a><\/p>\n","protected":false},"excerpt":{"rendered":"<p>Aujourd&rsquo;hui, \u00eatre pr\u00e9sent sur Internet devient indispensable. Votre entreprise qu&rsquo;elle soit existante ou en cours de cr\u00e9ation a besoin d&rsquo;\u00eatre visible. C&rsquo;est pourquoi, Line Up Informatique vous propose de cr\u00e9er votre site Internet. N&rsquo;h\u00e9sitez pas \u00e0 me contacter afin de <a class=\"more-link\" href=\"http:\/\/www.lineupinfo.fr\/index.php\/les-creations\/\">Continuer la lecture <span class=\"screen-reader-text\">  Les Cr\u00e9ations<\/span><span class=\"meta-nav\">&rarr;<\/span><\/a><\/p>\n","protected":false},"author":2,"featured_media":0,"parent":0,"menu_order":0,"comment_status":"closed","ping_status":"closed","template":"","meta":{"footnotes":""},"class_list":["post-11","page","type-page","status-publish","hentry"],"_links":{"self":[{"href":"http:\/\/www.lineupinfo.fr\/index.php\/wp-json\/wp\/v2\/pages\/11","targetHints":{"allow":["GET"]}}],"collection":[{"href":"http:\/\/www.lineupinfo.fr\/index.php\/wp-json\/wp\/v2\/pages"}],"about":[{"href":"http:\/\/www.lineupinfo.fr\/index.php\/wp-json\/wp\/v2\/types\/page"}],"author":[{"embeddable":true,"href":"http:\/\/www.lineupinfo.fr\/index.php\/wp-json\/wp\/v2\/users\/2"}],"replies":[{"embeddable":true,"href":"http:\/\/www.lineupinfo.fr\/index.php\/wp-json\/wp\/v2\/comments?post=11"}],"version-history":[{"count":6,"href":"http:\/\/www.lineupinfo.fr\/index.php\/wp-json\/wp\/v2\/pages\/11\/revisions"}],"predecessor-version":[{"id":177,"href":"http:\/\/www.lineupinfo.fr\/index.php\/wp-json\/wp\/v2\/pages\/11\/revisions\/177"}],"wp:attachment":[{"href":"http:\/\/www.lineupinfo.fr\/index.php\/wp-json\/wp\/v2\/media?parent=11"}],"curies":[{"name":"wp","href":"https:\/\/api.w.org\/{rel}","templated":true}]}}